{"id":700,"date":"2022-05-02T19:10:03","date_gmt":"2022-05-02T17:10:03","guid":{"rendered":"https:\/\/tamara-zeidler.de\/?page_id=700"},"modified":"2022-05-02T19:27:32","modified_gmt":"2022-05-02T17:27:32","slug":"so-arbeite-ich","status":"publish","type":"page","link":"https:\/\/tamara-zeidler.de\/?page_id=700","title":{"rendered":"so arbeite ich"},"content":{"rendered":"\n<p class=\"has-header-gradient-color has-text-color\"><strong>authentisch I handlungsorientiert I flexibel<\/strong><\/p>\n\n\n\n<blockquote class=\"wp-block-quote is-layout-flow wp-block-quote-is-layout-flow\"><p>&#8222;Wenn nicht alles so l\u00e4uft, wie Du denkst, denke anders.&#8220;<\/p><\/blockquote>\n\n\n\n<p>Echtheit und Integrit\u00e4t, Praxistauglichkeit und Agilit\u00e4t pr\u00e4gen mein berufliches Handeln als Trainerin und Coach f\u00fcr alle Themen rund um Kommunikation, Teams und F\u00fchrung sowie Konfliktkl\u00e4rung. Mit Empathie und Begeisterungsf\u00e4higkeit gehe ich auf die Bed\u00fcrfnisse meiner Kund*innen ein und bringe sie voran.<\/p>\n\n\n\n<p>Soviel Distanz wie n\u00f6tig, soviel Leidenschaft wie m\u00f6glich bringe ich in die Wissensvermittlung, Probleml\u00f6sung und Weiterentwicklung von und mit Menschen ein.<\/p>\n\n\n\n<p>Umfangreiche Lebenserfahrung sowie langj\u00e4hrige Berufserfahrung als Personalentwicklerin und F\u00fchrungskraft in verschiedensten Branchen pr\u00e4gen mein berufliches Denken und Handeln.<\/p>\n\n\n\n<p>Nach dem Studium der Politischen Wissenschaften, Recht sowie Soziale Arbeit und Erziehung erg\u00e4nzte ich meine akademische Ausbildung durch ein berufsbegleitendes Aufbaustudium in BWL, VWL und Marketing. Es folgten 13 Jahre Mitgestaltung in der Personalentwicklung eines Pharmaunternehmens.<br>Themen wie Nachwuchsf\u00fchrungskr\u00e4fteprogramm, Einf\u00fchrung von Lernsoftware, Zielerreichungskonzepte und Mitarbeitermotivation waren wichtige Themen, die ich inhaltlich gestaltet und verantwortlich begleitet habe.<br>2008 wechselte ich als Personalleiterin in ein mittelst\u00e4ndisches Gleisbauunternehmen.<br>Von 2010 bis 2013 entwickelte ich als Leiterin f\u00fcr Personalentwicklung das vom Bundesverband der Personalmanager mit dem Personalmanagement Award ausgezeichnete Personalentwicklungsprojekt \u201eDas Gold in den K\u00f6pfen\u201c f\u00fcr einen Tr\u00e4ger der Freien Wohlfahrtspflege. Kern des Projektes war die besondere F\u00f6rderung von Mitarbeiter*innen mit Migrationshintergrund. Zu dieser Zeit begann ich, nebenberuflich als Kommunikationstrainerin und Dozentin f\u00fcr Schl\u00fcsselkompetenzen t\u00e4tig zu werden.<br>Danach leitete ich ein Personal- und Organisationsentwicklungsprojekt mit dem Themenschwerpunkt \u201cGesundheit in Arbeit\u201d f\u00fcr denselben Tr\u00e4ger.<\/p>\n\n\n\n<p>Nach zwei weiteren Interimsf\u00fchrungspositionen in den Bereichen Bildung und Arbeit entschied ich, nur noch selbstst\u00e4ndig zu arbeiten und gr\u00fcndete 2020 Zeidler Training &amp; Beratung.<\/p>\n\n\n\n<p>Ich bin zertifizierte Bildungsberaterin und ausgebildete Mediatorin. Kontinuierliche und praxisnahe Fort- und Weiterbildungen s\u00e4umen meinen beruflichen Werdegang.<\/p>\n\n\n\n<p>Der Faktor Mensch im Unternehmen ist meine Leidenschaft. Mitarbeiter*innen m\u00fcssen an ihre eigenen St\u00e4rken und Ziele&nbsp;glauben. Die richtige Haltung und das n\u00f6tige Handwerkszeug, um nicht nur erfolgreich und gewinnbringend zu arbeiten, sondern sich dabei auch authentisch und selbstwirksam zu f\u00fchlen \u2013 das ist es, worum es sich in meiner Bildungs- und Coachingarbeit \u00fcberwiegend dreht \u2013 praxisnah, teilnehmer*innenorientiert und fachlich auf dem neuesten Stand.<\/p>\n\n\n\n<p><strong>Klingt das interessant f\u00fcr Sie?<br><\/strong>Nehmen Sie jetzt <a href=\"https:\/\/tamara-zeidler.de\/#Kontaktaufnahme\">Kontakt <\/a>mit mir auf&nbsp;und lassen Sie sich unverbindlich beraten!<\/p>\n","protected":false},"excerpt":{"rendered":"<p>authentisch I handlungsorientiert I flexibel &#8222;Wenn nicht alles so l\u00e4uft, wie Du denkst, denke anders.&#8220; Echtheit und Integrit\u00e4t, Praxistauglichkeit und Agilit\u00e4t pr\u00e4gen mein berufliches Handeln als Trainerin und Coach f\u00fcr alle Themen rund um Kommunikation, Teams und F\u00fchrung sowie Konfliktkl\u00e4rung. Mit Empathie und Begeisterungsf\u00e4higkeit gehe ich auf die Bed\u00fcrfnisse meiner [&hellip;]<\/p>\n","protected":false},"author":4,"featured_media":29,"parent":0,"menu_order":0,"comment_status":"closed","ping_status":"closed","template":"","meta":{"footnotes":""},"class_list":["post-700","page","type-page","status-publish","has-post-thumbnail","hentry"],"_links":{"self":[{"href":"https:\/\/tamara-zeidler.de\/index.php?rest_route=\/wp\/v2\/pages\/700","targetHints":{"allow":["GET"]}}],"collection":[{"href":"https:\/\/tamara-zeidler.de\/index.php?rest_route=\/wp\/v2\/pages"}],"about":[{"href":"https:\/\/tamara-zeidler.de\/index.php?rest_route=\/wp\/v2\/types\/page"}],"author":[{"embeddable":true,"href":"https:\/\/tamara-zeidler.de\/index.php?rest_route=\/wp\/v2\/users\/4"}],"replies":[{"embeddable":true,"href":"https:\/\/tamara-zeidler.de\/index.php?rest_route=%2Fwp%2Fv2%2Fcomments&post=700"}],"version-history":[{"count":3,"href":"https:\/\/tamara-zeidler.de\/index.php?rest_route=\/wp\/v2\/pages\/700\/revisions"}],"predecessor-version":[{"id":710,"href":"https:\/\/tamara-zeidler.de\/index.php?rest_route=\/wp\/v2\/pages\/700\/revisions\/710"}],"wp:featuredmedia":[{"embeddable":true,"href":"https:\/\/tamara-zeidler.de\/index.php?rest_route=\/wp\/v2\/media\/29"}],"wp:attachment":[{"href":"https:\/\/tamara-zeidler.de\/index.php?rest_route=%2Fwp%2Fv2%2Fmedia&parent=700"}],"curies":[{"name":"wp","href":"https:\/\/api.w.org\/{rel}","templated":true}]}}